{"id":307,"date":"2026-04-13T16:22:08","date_gmt":"2026-04-13T16:22:08","guid":{"rendered":"https:\/\/standykartonowe.pl\/?page_id=307"},"modified":"2026-04-15T09:40:56","modified_gmt":"2026-04-15T09:40:56","slug":"oferta","status":"publish","type":"page","link":"https:\/\/standykartonowe.pl\/?page_id=307","title":{"rendered":"Oferta"},"content":{"rendered":"\t\t<div data-elementor-type=\"wp-page\" data-elementor-id=\"307\" class=\"elementor elementor-307\" data-elementor-post-type=\"page\">\n\t\t\t\t<div class=\"elementor-element elementor-element-2c950876 e-flex e-con-boxed e-con e-parent\" data-id=\"2c950876\" data-element_type=\"container\" data-e-type=\"container\">\n\t\t\t\t\t<div class=\"e-con-inner\">\n\t\t\t\t<div class=\"elementor-element elementor-element-53de7210 elementor-widget elementor-widget-heading\" data-id=\"53de7210\" data-element_type=\"widget\" data-e-type=\"widget\" data-widget_type=\"heading.default\">\n\t\t\t\t\t<h2 class=\"elementor-heading-title elementor-size-default\">Nasza oferta - wybierz rozwi\u0105zanie dla swojej marki <\/h2>\t\t\t\t<\/div>\n\t\t\t\t<div class=\"elementor-element elementor-element-46b40da elementor-widget elementor-widget-text-editor\" data-id=\"46b40da\" data-element_type=\"widget\" data-e-type=\"widget\" data-widget_type=\"text-editor.default\">\n\t\t\t\t\t\t\t\t\t<p>projektujemy i produkujemy standy reklamowe, ekspozytory i stojaki POS dostosowane do produktu, marki i miejsca sprzeda\u017cy.<\/p>\t\t\t\t\t\t\t\t<\/div>\n\t\t<div class=\"elementor-element elementor-element-55d3ccee e-con-full e-flex e-con e-child\" data-id=\"55d3ccee\" data-element_type=\"container\" data-e-type=\"container\">\n\t\t<div class=\"elementor-element elementor-element-43b9c6c6 e-con-full e-flex e-con e-child\" data-id=\"43b9c6c6\" data-element_type=\"container\" data-e-type=\"container\">\n\t\t\t\t<div class=\"elementor-element elementor-element-12fff9a8 elementor-vertical-align-middle elementor-position-left elementor-widget elementor-widget-image-box\" data-id=\"12fff9a8\" data-element_type=\"widget\" data-e-type=\"widget\" data-widget_type=\"image-box.default\">\n\t\t\t\t\t<div class=\"elementor-image-box-wrapper\"><figure class=\"elementor-image-box-img\"><img decoding=\"async\" width=\"62\" height=\"85\" src=\"https:\/\/standykartonowe.pl\/wp-content\/uploads\/2026\/04\/Standy.png\" class=\"attachment-full size-full wp-image-403\" alt=\"\" \/><\/figure><div class=\"elementor-image-box-content\"><h3 class=\"elementor-image-box-title\">Standy kartonowe<\/h3><p class=\"elementor-image-box-description\">Du\u017ce standy pod\u0142ogowe do sklep\u00f3w, market\u00f3w i punkt\u00f3w sprzeda\u017cy. \nIdealne do ekspozycji produkt\u00f3w i zwi\u0119kszenia sprzeda\u017cy.<\/p><\/div><\/div>\t\t\t\t<\/div>\n\t\t\t\t<div class=\"elementor-element elementor-element-7c5f425 elementor-align-center elementor-widget elementor-widget-button\" data-id=\"7c5f425\" data-element_type=\"widget\" data-e-type=\"widget\" data-widget_type=\"button.default\">\n\t\t\t\t\t\t\t\t\t\t<a class=\"elementor-button elementor-button-link elementor-size-sm\" href=\"https:\/\/standykartonowe.pl\/?page_id=75\">\n\t\t\t\t\t\t<span class=\"elementor-button-content-wrapper\">\n\t\t\t\t\t\t\t\t\t<span class=\"elementor-button-text\">Zobacz ofert\u0119<\/span>\n\t\t\t\t\t<\/span>\n\t\t\t\t\t<\/a>\n\t\t\t\t\t\t\t\t<\/div>\n\t\t\t\t<\/div>\n\t\t<div class=\"elementor-element elementor-element-23ecbde0 e-con-full e-flex e-con e-child\" data-id=\"23ecbde0\" data-element_type=\"container\" data-e-type=\"container\">\n\t\t\t\t<div class=\"elementor-element elementor-element-6af3765a elementor-vertical-align-middle elementor-position-left elementor-widget elementor-widget-image-box\" data-id=\"6af3765a\" data-element_type=\"widget\" data-e-type=\"widget\" data-widget_type=\"image-box.default\">\n\t\t\t\t\t<div class=\"elementor-image-box-wrapper\"><figure class=\"elementor-image-box-img\"><img decoding=\"async\" width=\"61\" height=\"55\" src=\"https:\/\/standykartonowe.pl\/wp-content\/uploads\/2026\/04\/REKLAMOWE.png\" class=\"attachment-full size-full wp-image-402\" alt=\"\" \/><\/figure><div class=\"elementor-image-box-content\"><h3 class=\"elementor-image-box-title\">Standy reklamowe<\/h3><p class=\"elementor-image-box-description\">Ekspozytory POS do kampanii marketingowych i promocji. \nPrzyci\u0105gaj\u0105 uwag\u0119 klient\u00f3w i zwi\u0119kszaj\u0105 widoczno\u015b\u0107 marki.<\/p><\/div><\/div>\t\t\t\t<\/div>\n\t\t\t\t<div class=\"elementor-element elementor-element-92d4988 elementor-align-center elementor-widget elementor-widget-button\" data-id=\"92d4988\" data-element_type=\"widget\" data-e-type=\"widget\" data-widget_type=\"button.default\">\n\t\t\t\t\t\t\t\t\t\t<a class=\"elementor-button elementor-button-link elementor-size-sm\" href=\"https:\/\/standykartonowe.pl\/?page_id=82\">\n\t\t\t\t\t\t<span class=\"elementor-button-content-wrapper\">\n\t\t\t\t\t\t\t\t\t<span class=\"elementor-button-text\">Zobacz ofert\u0119<\/span>\n\t\t\t\t\t<\/span>\n\t\t\t\t\t<\/a>\n\t\t\t\t\t\t\t\t<\/div>\n\t\t\t\t<\/div>\n\t\t\t\t<\/div>\n\t\t<div class=\"elementor-element elementor-element-cc74ad6 e-con-full e-flex e-con e-child\" data-id=\"cc74ad6\" data-element_type=\"container\" data-e-type=\"container\">\n\t\t<div class=\"elementor-element elementor-element-c52cd0e e-con-full e-flex e-con e-child\" data-id=\"c52cd0e\" data-element_type=\"container\" data-e-type=\"container\">\n\t\t\t\t<div class=\"elementor-element elementor-element-5f544c3 elementor-vertical-align-middle elementor-position-left elementor-widget elementor-widget-image-box\" data-id=\"5f544c3\" data-element_type=\"widget\" data-e-type=\"widget\" data-widget_type=\"image-box.default\">\n\t\t\t\t\t<div class=\"elementor-image-box-wrapper\"><figure class=\"elementor-image-box-img\"><img decoding=\"async\" width=\"61\" height=\"72\" src=\"https:\/\/standykartonowe.pl\/wp-content\/uploads\/2026\/04\/Ekspozytory.png\" class=\"attachment-full size-full wp-image-401\" alt=\"\" \/><\/figure><div class=\"elementor-image-box-content\"><h3 class=\"elementor-image-box-title\">Ekspozytory kartonowe<\/h3><p class=\"elementor-image-box-description\">Mniejsze konstrukcje p\u00f3\u0142kowe i ladkowe. \nIdealne do ekspozycji produkt\u00f3w w ograniczonej przestrzeni sprzeda\u017cowej.<\/p><\/div><\/div>\t\t\t\t<\/div>\n\t\t\t\t<div class=\"elementor-element elementor-element-79b4d51 elementor-align-center elementor-widget elementor-widget-button\" data-id=\"79b4d51\" data-element_type=\"widget\" data-e-type=\"widget\" data-widget_type=\"button.default\">\n\t\t\t\t\t\t\t\t\t\t<a class=\"elementor-button elementor-button-link elementor-size-sm\" href=\"https:\/\/standykartonowe.pl\/?page_id=80\">\n\t\t\t\t\t\t<span class=\"elementor-button-content-wrapper\">\n\t\t\t\t\t\t\t\t\t<span class=\"elementor-button-text\">Zobacz ofert\u0119<\/span>\n\t\t\t\t\t<\/span>\n\t\t\t\t\t<\/a>\n\t\t\t\t\t\t\t\t<\/div>\n\t\t\t\t<\/div>\n\t\t<div class=\"elementor-element elementor-element-4820952 e-con-full e-flex e-con e-child\" data-id=\"4820952\" data-element_type=\"container\" data-e-type=\"container\">\n\t\t\t\t<div class=\"elementor-element elementor-element-3eaba03 elementor-vertical-align-middle elementor-position-left elementor-widget elementor-widget-image-box\" data-id=\"3eaba03\" data-element_type=\"widget\" data-e-type=\"widget\" data-widget_type=\"image-box.default\">\n\t\t\t\t\t<div class=\"elementor-image-box-wrapper\"><figure class=\"elementor-image-box-img\"><img decoding=\"async\" src=\"https:\/\/standykartonowe.pl\/wp-content\/uploads\/elementor\/thumbs\/Standy-rlzx58gixexmxzk6xu019qs3lk45sklu1ylrltpkyk.png\" title=\"Standy\" alt=\"Standy\" loading=\"lazy\" \/><\/figure><div class=\"elementor-image-box-content\"><h3 class=\"elementor-image-box-title\">Stojaki kartonowe<\/h3><p class=\"elementor-image-box-description\">Lekkie konstrukcje produktowe z pe\u0142n\u0105 personalizacj\u0105. \nDopasowane do r\u00f3\u017cnych bran\u017c i zastosowa\u0144.<\/p><\/div><\/div>\t\t\t\t<\/div>\n\t\t\t\t<div class=\"elementor-element elementor-element-df5bccc elementor-align-center elementor-widget elementor-widget-button\" data-id=\"df5bccc\" data-element_type=\"widget\" data-e-type=\"widget\" data-widget_type=\"button.default\">\n\t\t\t\t\t\t\t\t\t\t<a class=\"elementor-button elementor-button-link elementor-size-sm\" href=\"https:\/\/standykartonowe.pl\/?page_id=78\">\n\t\t\t\t\t\t<span class=\"elementor-button-content-wrapper\">\n\t\t\t\t\t\t\t\t\t<span class=\"elementor-button-text\">Zobacz ofert\u0119<\/span>\n\t\t\t\t\t<\/span>\n\t\t\t\t\t<\/a>\n\t\t\t\t\t\t\t\t<\/div>\n\t\t\t\t<\/div>\n\t\t\t\t<\/div>\n\t\t\t\t\t<\/div>\n\t\t\t\t<\/div>\n\t\t<div class=\"elementor-element elementor-element-467a6892 e-flex e-con-boxed e-con e-parent\" data-id=\"467a6892\" data-element_type=\"container\" data-e-type=\"container\">\n\t\t\t\t\t<div class=\"e-con-inner\">\n\t\t\t\t<div class=\"elementor-element elementor-element-7490c269 elementor-widget elementor-widget-heading\" data-id=\"7490c269\" data-element_type=\"widget\" data-e-type=\"widget\" data-widget_type=\"heading.default\">\n\t\t\t\t\t<h2 class=\"elementor-heading-title elementor-size-default\">Jakie stojaki mo\u017cemy dla Ciebie wykona\u0107?<\/h2>\t\t\t\t<\/div>\n\t\t\t\t<div class=\"elementor-element elementor-element-13b05628 elementor-widget elementor-widget-text-editor\" data-id=\"13b05628\" data-element_type=\"widget\" data-e-type=\"widget\" data-widget_type=\"text-editor.default\">\n\t\t\t\t\t\t\t\t\t<p>Pokazujemy przyk\u0142adowe stojaki kartonowe dla r\u00f3\u017cnych bran\u017c i produkt\u00f3w. Ka\u017cdy projekt przygotowujemy indywidualnie, z pe\u0142n\u0105 mo\u017cliwo\u015bci\u0105 personalizacji formy, wymiaru, grafiki i sposobu ekspozycji.<br \/>Dzi\u0119ki temu <strong>jeste\u015bmy w stanie dopasowa\u0107 projekt do praktycznie ka\u017cdego produktu i scenariusza sprzeda\u017cy.<\/strong><\/p>\t\t\t\t\t\t\t\t<\/div>\n\t\t\t\t<div class=\"elementor-element elementor-element-12514fee elementor-widget-divider--view-line elementor-widget elementor-widget-divider\" data-id=\"12514fee\" data-element_type=\"widget\" data-e-type=\"widget\" data-widget_type=\"divider.default\">\n\t\t\t\t\t\t\t<div class=\"elementor-divider\">\n\t\t\t<span class=\"elementor-divider-separator\">\n\t\t\t\t\t\t<\/span>\n\t\t<\/div>\n\t\t\t\t\t\t<\/div>\n\t\t<div class=\"elementor-element elementor-element-1b9a8ecb e-con-full e-flex e-con e-child\" data-id=\"1b9a8ecb\" data-element_type=\"container\" data-e-type=\"container\">\n\t\t\t\t<div class=\"elementor-element elementor-element-5e167a32 elementor-widget elementor-widget-image\" data-id=\"5e167a32\" data-element_type=\"widget\" data-e-type=\"widget\" data-widget_type=\"image.default\">\n\t\t\t\t\t\t\t\t\t\t\t\t\t\t\t<img loading=\"lazy\" decoding=\"async\" width=\"907\" height=\"197\" src=\"https:\/\/standykartonowe.pl\/wp-content\/uploads\/2026\/04\/realziacje.png\" class=\"attachment-full size-full wp-image-116\" alt=\"\" srcset=\"https:\/\/standykartonowe.pl\/wp-content\/uploads\/2026\/04\/realziacje.png 907w, https:\/\/standykartonowe.pl\/wp-content\/uploads\/2026\/04\/realziacje-300x65.png 300w, https:\/\/standykartonowe.pl\/wp-content\/uploads\/2026\/04\/realziacje-768x167.png 768w\" sizes=\"(max-width: 907px) 100vw, 907px\" \/>\t\t\t\t\t\t\t\t\t\t\t\t\t\t\t<\/div>\n\t\t\t\t<\/div>\n\t\t\t\t\t<\/div>\n\t\t\t\t<\/div>\n\t\t<div class=\"elementor-element elementor-element-79c89158 e-flex e-con-boxed e-con e-parent\" data-id=\"79c89158\" data-element_type=\"container\" data-e-type=\"container\">\n\t\t\t\t\t<div class=\"e-con-inner\">\n\t\t<div class=\"elementor-element elementor-element-6e575e53 e-con-full e-flex e-con e-child\" data-id=\"6e575e53\" data-element_type=\"container\" data-e-type=\"container\" data-settings=\"{&quot;background_background&quot;:&quot;gradient&quot;}\">\n\t\t<div class=\"elementor-element elementor-element-b9b9aaf e-con-full e-flex e-con e-child\" data-id=\"b9b9aaf\" data-element_type=\"container\" data-e-type=\"container\">\n\t\t\t\t<div class=\"elementor-element elementor-element-44007ff8 elementor-widget elementor-widget-heading\" data-id=\"44007ff8\" data-element_type=\"widget\" data-e-type=\"widget\" data-widget_type=\"heading.default\">\n\t\t\t\t\t<h2 class=\"elementor-heading-title elementor-size-default\">Nie wiesz kt\u00f3re rozwi\u0105zanie wybra\u0107?<\/h2>\t\t\t\t<\/div>\n\t\t\t\t<div class=\"elementor-element elementor-element-4be59533 elementor-widget elementor-widget-text-editor\" data-id=\"4be59533\" data-element_type=\"widget\" data-e-type=\"widget\" data-widget_type=\"text-editor.default\">\n\t\t\t\t\t\t\t\t\t<p>Doradzimy, jaki typ standu lub ekspozytora najlepiej sprawdzi si\u0119 dla Twojego produktu i miejsca sprzeda\u017cy.<\/p>\t\t\t\t\t\t\t\t<\/div>\n\t\t\t\t<\/div>\n\t\t<div class=\"elementor-element elementor-element-7bd266c7 e-con-full e-flex e-con e-child\" data-id=\"7bd266c7\" data-element_type=\"container\" data-e-type=\"container\">\n\t\t\t\t<div class=\"elementor-element elementor-element-70ad18c2 elementor-align-center elementor-widget elementor-widget-button\" data-id=\"70ad18c2\" data-element_type=\"widget\" data-e-type=\"widget\" data-widget_type=\"button.default\">\n\t\t\t\t\t\t\t\t\t\t<a class=\"elementor-button elementor-button-link elementor-size-sm\" href=\"tel:+48696459018\">\n\t\t\t\t\t\t<span class=\"elementor-button-content-wrapper\">\n\t\t\t\t\t\t\t\t\t<span class=\"elementor-button-text\">Zadzwo\u0144 \u2013 poznaj cen\u0119 w 2 minuty<\/span>\n\t\t\t\t\t<\/span>\n\t\t\t\t\t<\/a>\n\t\t\t\t\t\t\t\t<\/div>\n\t\t\t\t<\/div>\n\t\t\t\t<\/div>\n\t\t\t\t\t<\/div>\n\t\t\t\t<\/div>\n\t\t<div class=\"elementor-element elementor-element-1fdd39a5 e-flex e-con-boxed e-con e-parent\" data-id=\"1fdd39a5\" data-element_type=\"container\" data-e-type=\"container\">\n\t\t\t\t\t<div class=\"e-con-inner\">\n\t\t<div class=\"elementor-element elementor-element-c9f288a e-con-full e-flex e-con e-child\" data-id=\"c9f288a\" data-element_type=\"container\" data-e-type=\"container\">\n\t\t<div class=\"elementor-element elementor-element-122914d1 e-con-full e-flex e-con e-child\" data-id=\"122914d1\" data-element_type=\"container\" data-e-type=\"container\" data-settings=\"{&quot;background_background&quot;:&quot;classic&quot;}\">\n\t\t\t\t<div class=\"elementor-element elementor-element-33939d5f elementor-position-left elementor-vertical-align-middle elementor-widget elementor-widget-image-box\" data-id=\"33939d5f\" data-element_type=\"widget\" data-e-type=\"widget\" data-widget_type=\"image-box.default\">\n\t\t\t\t\t<div class=\"elementor-image-box-wrapper\"><figure class=\"elementor-image-box-img\"><img loading=\"lazy\" decoding=\"async\" width=\"500\" height=\"500\" src=\"https:\/\/standykartonowe.pl\/wp-content\/uploads\/2026\/04\/1.png\" class=\"attachment-full size-full wp-image-131\" alt=\"\" srcset=\"https:\/\/standykartonowe.pl\/wp-content\/uploads\/2026\/04\/1.png 500w, https:\/\/standykartonowe.pl\/wp-content\/uploads\/2026\/04\/1-300x300.png 300w, https:\/\/standykartonowe.pl\/wp-content\/uploads\/2026\/04\/1-150x150.png 150w\" sizes=\"(max-width: 500px) 100vw, 500px\" \/><\/figure><div class=\"elementor-image-box-content\"><h3 class=\"elementor-image-box-title\">300+<\/h3><p class=\"elementor-image-box-description\">Zrealizowanych projekt\u00f3w<\/p><\/div><\/div>\t\t\t\t<\/div>\n\t\t\t\t<\/div>\n\t\t\t\t<\/div>\n\t\t<div class=\"elementor-element elementor-element-104d2f54 e-con-full e-flex e-con e-child\" data-id=\"104d2f54\" data-element_type=\"container\" data-e-type=\"container\">\n\t\t<div class=\"elementor-element elementor-element-39a9a938 e-con-full e-flex e-con e-child\" data-id=\"39a9a938\" data-element_type=\"container\" data-e-type=\"container\" data-settings=\"{&quot;background_background&quot;:&quot;classic&quot;}\">\n\t\t\t\t<div class=\"elementor-element elementor-element-d685660 elementor-position-left elementor-vertical-align-middle elementor-widget elementor-widget-image-box\" data-id=\"d685660\" data-element_type=\"widget\" data-e-type=\"widget\" data-widget_type=\"image-box.default\">\n\t\t\t\t\t<div class=\"elementor-image-box-wrapper\"><figure class=\"elementor-image-box-img\"><img loading=\"lazy\" decoding=\"async\" width=\"500\" height=\"500\" src=\"https:\/\/standykartonowe.pl\/wp-content\/uploads\/2026\/04\/2-1.png\" class=\"attachment-full size-full wp-image-129\" alt=\"\" srcset=\"https:\/\/standykartonowe.pl\/wp-content\/uploads\/2026\/04\/2-1.png 500w, https:\/\/standykartonowe.pl\/wp-content\/uploads\/2026\/04\/2-1-300x300.png 300w, https:\/\/standykartonowe.pl\/wp-content\/uploads\/2026\/04\/2-1-150x150.png 150w\" sizes=\"(max-width: 500px) 100vw, 500px\" \/><\/figure><div class=\"elementor-image-box-content\"><h3 class=\"elementor-image-box-title\">7 dni<\/h3><p class=\"elementor-image-box-description\">\u015bredni czas realizacji<\/p><\/div><\/div>\t\t\t\t<\/div>\n\t\t\t\t<\/div>\n\t\t\t\t<\/div>\n\t\t<div class=\"elementor-element elementor-element-740454ef e-con-full e-flex e-con e-child\" data-id=\"740454ef\" data-element_type=\"container\" data-e-type=\"container\">\n\t\t<div class=\"elementor-element elementor-element-59ce92de e-con-full e-flex e-con e-child\" data-id=\"59ce92de\" data-element_type=\"container\" data-e-type=\"container\" data-settings=\"{&quot;background_background&quot;:&quot;classic&quot;}\">\n\t\t\t\t<div class=\"elementor-element elementor-element-29f194d9 elementor-position-left elementor-vertical-align-middle elementor-widget elementor-widget-image-box\" data-id=\"29f194d9\" data-element_type=\"widget\" data-e-type=\"widget\" data-widget_type=\"image-box.default\">\n\t\t\t\t\t<div class=\"elementor-image-box-wrapper\"><figure class=\"elementor-image-box-img\"><img loading=\"lazy\" decoding=\"async\" width=\"500\" height=\"500\" src=\"https:\/\/standykartonowe.pl\/wp-content\/uploads\/2026\/04\/3-1.png\" class=\"attachment-full size-full wp-image-130\" alt=\"\" srcset=\"https:\/\/standykartonowe.pl\/wp-content\/uploads\/2026\/04\/3-1.png 500w, https:\/\/standykartonowe.pl\/wp-content\/uploads\/2026\/04\/3-1-300x300.png 300w, https:\/\/standykartonowe.pl\/wp-content\/uploads\/2026\/04\/3-1-150x150.png 150w\" sizes=\"(max-width: 500px) 100vw, 500px\" \/><\/figure><div class=\"elementor-image-box-content\"><h3 class=\"elementor-image-box-title\">95%<\/h3><p class=\"elementor-image-box-description\">skuteczno\u015bci eskpozycji<\/p><\/div><\/div>\t\t\t\t<\/div>\n\t\t\t\t<\/div>\n\t\t\t\t<\/div>\n\t\t\t\t\t<\/div>\n\t\t\t\t<\/div>\n\t\t\t\t<\/div>\n\t\t","protected":false},"excerpt":{"rendered":"<p>Nasza oferta &#8211; wybierz rozwi\u0105zanie dla swojej marki projektujemy i produkujemy standy reklamowe, ekspozytory i stojaki POS dostosowane do produktu, marki i miejsca sprzeda\u017cy. Standy kartonowe Du\u017ce standy pod\u0142ogowe do sklep\u00f3w, market\u00f3w i punkt\u00f3w sprzeda\u017cy. Idealne do ekspozycji produkt\u00f3w i zwi\u0119kszenia sprzeda\u017cy. Zobacz ofert\u0119 Standy reklamowe Ekspozytory POS do kampanii marketingowych i promocji. Przyci\u0105gaj\u0105 uwag\u0119 [&hellip;]<\/p>\n","protected":false},"author":1,"featured_media":0,"parent":0,"menu_order":0,"comment_status":"closed","ping_status":"closed","template":"elementor_header_footer","meta":{"footnotes":""},"class_list":["post-307","page","type-page","status-publish","hentry"],"_links":{"self":[{"href":"https:\/\/standykartonowe.pl\/index.php?rest_route=\/wp\/v2\/pages\/307","targetHints":{"allow":["GET"]}}],"collection":[{"href":"https:\/\/standykartonowe.pl\/index.php?rest_route=\/wp\/v2\/pages"}],"about":[{"href":"https:\/\/standykartonowe.pl\/index.php?rest_route=\/wp\/v2\/types\/page"}],"author":[{"embeddable":true,"href":"https:\/\/standykartonowe.pl\/index.php?rest_route=\/wp\/v2\/users\/1"}],"replies":[{"embeddable":true,"href":"https:\/\/standykartonowe.pl\/index.php?rest_route=%2Fwp%2Fv2%2Fcomments&post=307"}],"version-history":[{"count":22,"href":"https:\/\/standykartonowe.pl\/index.php?rest_route=\/wp\/v2\/pages\/307\/revisions"}],"predecessor-version":[{"id":487,"href":"https:\/\/standykartonowe.pl\/index.php?rest_route=\/wp\/v2\/pages\/307\/revisions\/487"}],"wp:attachment":[{"href":"https:\/\/standykartonowe.pl\/index.php?rest_route=%2Fwp%2Fv2%2Fmedia&parent=307"}],"curies":[{"name":"wp","href":"https:\/\/api.w.org\/{rel}","templated":true}]}}