{"id":86,"date":"2026-04-08T14:11:36","date_gmt":"2026-04-08T14:11:36","guid":{"rendered":"https:\/\/standykartonowe.pl\/?page_id=86"},"modified":"2026-04-15T08:16:56","modified_gmt":"2026-04-15T08:16:56","slug":"o-nas","status":"publish","type":"page","link":"https:\/\/standykartonowe.pl\/?page_id=86","title":{"rendered":"O nas"},"content":{"rendered":"\t\t<div data-elementor-type=\"wp-page\" data-elementor-id=\"86\" class=\"elementor elementor-86\" data-elementor-post-type=\"page\">\n\t\t\t\t<div class=\"elementor-element elementor-element-12bc837 e-flex e-con-boxed e-con e-parent\" data-id=\"12bc837\" data-element_type=\"container\" data-e-type=\"container\" data-settings=\"{&quot;background_background&quot;:&quot;classic&quot;}\">\n\t\t\t\t\t<div class=\"e-con-inner\">\n\t\t<div class=\"elementor-element elementor-element-0db9760 e-con-full e-flex e-con e-child\" data-id=\"0db9760\" data-element_type=\"container\" data-e-type=\"container\">\n\t\t\t\t<div class=\"elementor-element elementor-element-0f15c22 elementor-widget elementor-widget-heading\" data-id=\"0f15c22\" data-element_type=\"widget\" data-e-type=\"widget\" data-widget_type=\"heading.default\">\n\t\t\t\t\t<h1 class=\"elementor-heading-title elementor-size-default\">Producent stand\u00f3w reklamowych i kartonowych<\/h1>\t\t\t\t<\/div>\n\t\t\t\t<div class=\"elementor-element elementor-element-ec7f37d elementor-widget elementor-widget-text-editor\" data-id=\"ec7f37d\" data-element_type=\"widget\" data-e-type=\"widget\" data-widget_type=\"text-editor.default\">\n\t\t\t\t\t\t\t\t\t<p>Bez po\u015brednik\u00f3w, bez zb\u0119dnych koszt\u00f3w \u2013 pe\u0142na kontrola nad projektem i jako\u015bci\u0105 wykonania.<\/p>\t\t\t\t\t\t\t\t<\/div>\n\t\t<div class=\"elementor-element elementor-element-10198f5 e-con-full e-flex e-con e-child\" data-id=\"10198f5\" data-element_type=\"container\" data-e-type=\"container\">\n\t\t\t\t<div class=\"elementor-element elementor-element-8c23cae elementor-position-top elementor-widget elementor-widget-image-box\" data-id=\"8c23cae\" data-element_type=\"widget\" data-e-type=\"widget\" data-widget_type=\"image-box.default\">\n\t\t\t\t\t<div class=\"elementor-image-box-wrapper\"><figure class=\"elementor-image-box-img\"><img fetchpriority=\"high\" decoding=\"async\" width=\"500\" height=\"500\" src=\"https:\/\/standykartonowe.pl\/wp-content\/uploads\/2026\/04\/6.png\" class=\"attachment-full size-full wp-image-135\" alt=\"\" srcset=\"https:\/\/standykartonowe.pl\/wp-content\/uploads\/2026\/04\/6.png 500w, https:\/\/standykartonowe.pl\/wp-content\/uploads\/2026\/04\/6-300x300.png 300w, https:\/\/standykartonowe.pl\/wp-content\/uploads\/2026\/04\/6-150x150.png 150w\" sizes=\"(max-width: 500px) 100vw, 500px\" \/><\/figure><div class=\"elementor-image-box-content\"><h3 class=\"elementor-image-box-title\">Ud\u017awig do 20 kg<\/h3><\/div><\/div>\t\t\t\t<\/div>\n\t\t\t\t<div class=\"elementor-element elementor-element-7eee5c0 elementor-position-top elementor-widget elementor-widget-image-box\" data-id=\"7eee5c0\" data-element_type=\"widget\" data-e-type=\"widget\" data-widget_type=\"image-box.default\">\n\t\t\t\t\t<div class=\"elementor-image-box-wrapper\"><figure class=\"elementor-image-box-img\"><img decoding=\"async\" width=\"500\" height=\"500\" src=\"https:\/\/standykartonowe.pl\/wp-content\/uploads\/2026\/04\/5.png\" class=\"attachment-full size-full wp-image-137\" alt=\"\" srcset=\"https:\/\/standykartonowe.pl\/wp-content\/uploads\/2026\/04\/5.png 500w, https:\/\/standykartonowe.pl\/wp-content\/uploads\/2026\/04\/5-300x300.png 300w, https:\/\/standykartonowe.pl\/wp-content\/uploads\/2026\/04\/5-150x150.png 150w\" sizes=\"(max-width: 500px) 100vw, 500px\" \/><\/figure><div class=\"elementor-image-box-content\"><h3 class=\"elementor-image-box-title\">Projket gratis<\/h3><\/div><\/div>\t\t\t\t<\/div>\n\t\t\t\t<div class=\"elementor-element elementor-element-de1ac22 elementor-position-top elementor-widget elementor-widget-image-box\" data-id=\"de1ac22\" data-element_type=\"widget\" data-e-type=\"widget\" data-widget_type=\"image-box.default\">\n\t\t\t\t\t<div class=\"elementor-image-box-wrapper\"><figure class=\"elementor-image-box-img\"><img decoding=\"async\" width=\"500\" height=\"500\" src=\"https:\/\/standykartonowe.pl\/wp-content\/uploads\/2026\/04\/4-1.png\" class=\"attachment-full size-full wp-image-136\" alt=\"\" srcset=\"https:\/\/standykartonowe.pl\/wp-content\/uploads\/2026\/04\/4-1.png 500w, https:\/\/standykartonowe.pl\/wp-content\/uploads\/2026\/04\/4-1-300x300.png 300w, https:\/\/standykartonowe.pl\/wp-content\/uploads\/2026\/04\/elementor\/thumbs\/4-1-rlstz1mvfrqehv0hu1vwauhi41oa9y2jqjllcq5ye4.png 150w\" sizes=\"(max-width: 500px) 100vw, 500px\" \/><\/figure><div class=\"elementor-image-box-content\"><h3 class=\"elementor-image-box-title\">Realizacja tylko 7 dni<\/h3><\/div><\/div>\t\t\t\t<\/div>\n\t\t\t\t<\/div>\n\t\t\t\t<div class=\"elementor-element elementor-element-d588dd0 elementor-align-justify elementor-widget elementor-widget-button\" data-id=\"d588dd0\" data-element_type=\"widget\" data-e-type=\"widget\" data-widget_type=\"button.default\">\n\t\t\t\t\t\t\t\t\t\t<a class=\"elementor-button elementor-button-link elementor-size-sm\" href=\"tel:+48696459018\">\n\t\t\t\t\t\t<span class=\"elementor-button-content-wrapper\">\n\t\t\t\t\t\t\t\t\t<span class=\"elementor-button-text\">Zam\u00f3w wycen\u0119 standu<\/span>\n\t\t\t\t\t<\/span>\n\t\t\t\t\t<\/a>\n\t\t\t\t\t\t\t\t<\/div>\n\t\t\t\t<\/div>\n\t\t<div class=\"elementor-element elementor-element-da13fbb e-con-full e-flex e-con e-child\" data-id=\"da13fbb\" data-element_type=\"container\" data-e-type=\"container\">\n\t\t\t\t<\/div>\n\t\t\t\t\t<\/div>\n\t\t\t\t<\/div>\n\t\t<div class=\"elementor-element elementor-element-b476b3f e-flex e-con-boxed e-con e-parent\" data-id=\"b476b3f\" data-element_type=\"container\" data-e-type=\"container\">\n\t\t\t\t\t<div class=\"e-con-inner\">\n\t\t\t\t<div class=\"elementor-element elementor-element-c0b6ad3 elementor-widget elementor-widget-heading\" data-id=\"c0b6ad3\" data-element_type=\"widget\" data-e-type=\"widget\" data-widget_type=\"heading.default\">\n\t\t\t\t\t<h2 class=\"elementor-heading-title elementor-size-default\">Co wyr\u00f3\u017cnia nas jako Producenta?<\/h2>\t\t\t\t<\/div>\n\t\t\t\t<div class=\"elementor-element elementor-element-8c905d0 elementor-widget-divider--view-line elementor-widget elementor-widget-divider\" data-id=\"8c905d0\" data-element_type=\"widget\" data-e-type=\"widget\" data-widget_type=\"divider.default\">\n\t\t\t\t\t\t\t<div class=\"elementor-divider\">\n\t\t\t<span class=\"elementor-divider-separator\">\n\t\t\t\t\t\t<\/span>\n\t\t<\/div>\n\t\t\t\t\t\t<\/div>\n\t\t<div class=\"elementor-element elementor-element-ba5d4fd e-con-full e-flex e-con e-child\" data-id=\"ba5d4fd\" data-element_type=\"container\" data-e-type=\"container\">\n\t\t<div class=\"elementor-element elementor-element-24a849e e-con-full e-flex e-con e-child\" data-id=\"24a849e\" data-element_type=\"container\" data-e-type=\"container\">\n\t\t\t\t<div class=\"elementor-element elementor-element-112378c elementor-position-top elementor-widget elementor-widget-image-box\" data-id=\"112378c\" data-element_type=\"widget\" data-e-type=\"widget\" data-widget_type=\"image-box.default\">\n\t\t\t\t\t<div class=\"elementor-image-box-wrapper\"><figure class=\"elementor-image-box-img\"><img loading=\"lazy\" decoding=\"async\" width=\"150\" height=\"165\" src=\"https:\/\/standykartonowe.pl\/wp-content\/uploads\/2026\/04\/BEZ-POSREDNIKOW.png\" class=\"attachment-full size-full wp-image-146\" alt=\"\" \/><\/figure><div class=\"elementor-image-box-content\"><h3 class=\"elementor-image-box-title\">W\u0142asny park maszynowy<\/h3><p class=\"elementor-image-box-description\">Jako producent stand\u00f3w realizujemy projekty we w\u0142asnym zapleczu produkcyjnym, z pe\u0142n\u0105 kontrol\u0105 nad wykonaniem.<\/p><\/div><\/div>\t\t\t\t<\/div>\n\t\t\t\t<\/div>\n\t\t<div class=\"elementor-element elementor-element-9dc3166 e-con-full e-flex e-con e-child\" data-id=\"9dc3166\" data-element_type=\"container\" data-e-type=\"container\">\n\t\t\t\t<div class=\"elementor-element elementor-element-7c467bd elementor-position-top elementor-widget elementor-widget-image-box\" data-id=\"7c467bd\" data-element_type=\"widget\" data-e-type=\"widget\" data-widget_type=\"image-box.default\">\n\t\t\t\t\t<div class=\"elementor-image-box-wrapper\"><figure class=\"elementor-image-box-img\"><img loading=\"lazy\" decoding=\"async\" width=\"160\" height=\"147\" src=\"https:\/\/standykartonowe.pl\/wp-content\/uploads\/2026\/04\/projket-graficzny.png\" class=\"attachment-full size-full wp-image-147\" alt=\"\" \/><\/figure><div class=\"elementor-image-box-content\"><h3 class=\"elementor-image-box-title\">Projekt i konstrukcja<\/h3><p class=\"elementor-image-box-description\">Otrzymasz darmowy projekt - przygotowany przez naszych specjalist\u00f3w.<\/p><\/div><\/div>\t\t\t\t<\/div>\n\t\t\t\t<\/div>\n\t\t<div class=\"elementor-element elementor-element-11f1955 e-con-full e-flex e-con e-child\" data-id=\"11f1955\" data-element_type=\"container\" data-e-type=\"container\">\n\t\t\t\t<div class=\"elementor-element elementor-element-eb36dc9 elementor-position-top elementor-widget elementor-widget-image-box\" data-id=\"eb36dc9\" data-element_type=\"widget\" data-e-type=\"widget\" data-widget_type=\"image-box.default\">\n\t\t\t\t\t<div class=\"elementor-image-box-wrapper\"><figure class=\"elementor-image-box-img\"><img decoding=\"async\" width=\"500\" height=\"500\" src=\"https:\/\/standykartonowe.pl\/wp-content\/uploads\/2026\/04\/4-1.png\" class=\"attachment-full size-full wp-image-136\" alt=\"\" srcset=\"https:\/\/standykartonowe.pl\/wp-content\/uploads\/2026\/04\/4-1.png 500w, https:\/\/standykartonowe.pl\/wp-content\/uploads\/2026\/04\/4-1-300x300.png 300w, https:\/\/standykartonowe.pl\/wp-content\/uploads\/2026\/04\/elementor\/thumbs\/4-1-rlstz1mvfrqehv0hu1vwauhi41oa9y2jqjllcq5ye4.png 150w\" sizes=\"(max-width: 500px) 100vw, 500px\" \/><\/figure><div class=\"elementor-image-box-content\"><h3 class=\"elementor-image-box-title\">Terminowo\u015b\u0107 i powtarzalno\u015b\u0107<\/h3><p class=\"elementor-image-box-description\">Sta\u0142e procesy produkcyjne pozwalaj\u0105 nam utrzyma\u0107 jako\u015b\u0107 i terminowo realizowa\u0107 tak\u017ce wi\u0119ksze zam\u00f3wienia.<\/p><\/div><\/div>\t\t\t\t<\/div>\n\t\t\t\t<\/div>\n\t\t<div class=\"elementor-element elementor-element-9e5d1e7 e-con-full e-flex e-con e-child\" data-id=\"9e5d1e7\" data-element_type=\"container\" data-e-type=\"container\">\n\t\t\t\t<div class=\"elementor-element elementor-element-3933fc4 elementor-position-top elementor-widget elementor-widget-image-box\" data-id=\"3933fc4\" data-element_type=\"widget\" data-e-type=\"widget\" data-widget_type=\"image-box.default\">\n\t\t\t\t\t<div class=\"elementor-image-box-wrapper\"><figure class=\"elementor-image-box-img\"><img decoding=\"async\" src=\"https:\/\/standykartonowe.pl\/wp-content\/uploads\/elementor\/thumbs\/stand-rlw9hfekgihul0e830xa3tfqyq0rlzwfq3ecvhgwv0.png\" title=\"stand\" alt=\"stand\" loading=\"lazy\" \/><\/figure><div class=\"elementor-image-box-content\"><h3 class=\"elementor-image-box-title\">Kompleksowa realizacja<\/h3><p class=\"elementor-image-box-description\">Od projektu po dostaw\u0119 gotowego standu \u2014 prowadzimy ca\u0142y proces w jednym miejscu.<\/p><\/div><\/div>\t\t\t\t<\/div>\n\t\t\t\t<\/div>\n\t\t\t\t<\/div>\n\t\t\t\t\t<\/div>\n\t\t\t\t<\/div>\n\t\t<div class=\"elementor-element elementor-element-ea5c2ce e-flex e-con-boxed e-con e-parent\" data-id=\"ea5c2ce\" data-element_type=\"container\" data-e-type=\"container\">\n\t\t\t\t\t<div class=\"e-con-inner\">\n\t\t<div class=\"elementor-element elementor-element-4d39ef6 e-con-full e-flex e-con e-child\" data-id=\"4d39ef6\" data-element_type=\"container\" data-e-type=\"container\" data-settings=\"{&quot;background_background&quot;:&quot;gradient&quot;}\">\n\t\t<div class=\"elementor-element elementor-element-a8cb5da e-con-full e-flex e-con e-child\" data-id=\"a8cb5da\" data-element_type=\"container\" data-e-type=\"container\">\n\t\t\t\t<div class=\"elementor-element elementor-element-64cbe06 elementor-widget elementor-widget-heading\" data-id=\"64cbe06\" data-element_type=\"widget\" data-e-type=\"widget\" data-widget_type=\"heading.default\">\n\t\t\t\t\t<h2 class=\"elementor-heading-title elementor-size-default\">Szukasz producenta stand\u00f3w reklamowych?\n<\/h2>\t\t\t\t<\/div>\n\t\t\t\t<div class=\"elementor-element elementor-element-85b5785 elementor-widget elementor-widget-text-editor\" data-id=\"85b5785\" data-element_type=\"widget\" data-e-type=\"widget\" data-widget_type=\"text-editor.default\">\n\t\t\t\t\t\t\t\t\t<p>Porozmawiajmy o Twoim projekcie. Doradzimy, przygotujemy wst\u0119pn\u0105 wycen\u0119 i pomo\u017cemy dobra\u0107 rozwi\u0105zanie dopasowane do produktu oraz miejsca sprzeda\u017cy.<\/p>\t\t\t\t\t\t\t\t<\/div>\n\t\t\t\t<\/div>\n\t\t<div class=\"elementor-element elementor-element-32673dd e-con-full e-flex e-con e-child\" data-id=\"32673dd\" data-element_type=\"container\" data-e-type=\"container\">\n\t\t\t\t<div class=\"elementor-element elementor-element-eb93007 elementor-align-center elementor-widget elementor-widget-button\" data-id=\"eb93007\" data-element_type=\"widget\" data-e-type=\"widget\" data-widget_type=\"button.default\">\n\t\t\t\t\t\t\t\t\t\t<a class=\"elementor-button elementor-button-link elementor-size-sm\" href=\"tel:+48696459018\">\n\t\t\t\t\t\t<span class=\"elementor-button-content-wrapper\">\n\t\t\t\t\t\t\t\t\t<span class=\"elementor-button-text\">Zadzwo\u0144 \u2013 poznaj cen\u0119 w 2 minuty<\/span>\n\t\t\t\t\t<\/span>\n\t\t\t\t\t<\/a>\n\t\t\t\t\t\t\t\t<\/div>\n\t\t\t\t<\/div>\n\t\t\t\t<\/div>\n\t\t\t\t\t<\/div>\n\t\t\t\t<\/div>\n\t\t<div class=\"elementor-element elementor-element-675d9c1 e-flex e-con-boxed e-con e-parent\" data-id=\"675d9c1\" data-element_type=\"container\" data-e-type=\"container\">\n\t\t\t\t\t<div class=\"e-con-inner\">\n\t\t\t\t<div class=\"elementor-element elementor-element-c35ee07 elementor-widget elementor-widget-heading\" data-id=\"c35ee07\" data-element_type=\"widget\" data-e-type=\"widget\" data-widget_type=\"heading.default\">\n\t\t\t\t\t<h2 class=\"elementor-heading-title elementor-size-default\">CERTYFIKATY I POLITYKA JAKO\u015aCI\n<\/h2>\t\t\t\t<\/div>\n\t\t\t\t<div class=\"elementor-element elementor-element-44db142 elementor-widget elementor-widget-text-editor\" data-id=\"44db142\" data-element_type=\"widget\" data-e-type=\"widget\" data-widget_type=\"text-editor.default\">\n\t\t\t\t\t\t\t\t\t<p>Pracujemy w oparciu o wdro\u017cony system zarz\u0105dzania jako\u015bci\u0105 zgodny z norm\u0105 ISO 9001 oraz certyfikaty potwierdzaj\u0105ce standardy produkcji, w tym FSC\u00ae dla materia\u0142\u00f3w papierowych.<\/p><p>To gwarancja powtarzalno\u015bci, jako\u015bci i bezpiecze\u0144stwa \u2013 szczeg\u00f3lnie wa\u017cna przy realizacjach dla sieci handlowych i du\u017cych marek.<\/p>\t\t\t\t\t\t\t\t<\/div>\n\t\t\t\t<div class=\"elementor-element elementor-element-95cf2e2 elementor-widget-divider--view-line elementor-widget elementor-widget-divider\" data-id=\"95cf2e2\" data-element_type=\"widget\" data-e-type=\"widget\" data-widget_type=\"divider.default\">\n\t\t\t\t\t\t\t<div class=\"elementor-divider\">\n\t\t\t<span class=\"elementor-divider-separator\">\n\t\t\t\t\t\t<\/span>\n\t\t<\/div>\n\t\t\t\t\t\t<\/div>\n\t\t<div class=\"elementor-element elementor-element-976291d e-con-full e-flex e-con e-child\" data-id=\"976291d\" data-element_type=\"container\" data-e-type=\"container\">\n\t\t\t\t<div class=\"elementor-element elementor-element-db3d35c elementor-widget elementor-widget-gallery\" data-id=\"db3d35c\" data-element_type=\"widget\" data-e-type=\"widget\" data-settings=\"{&quot;gallery_layout&quot;:&quot;justified&quot;,&quot;ideal_row_height&quot;:{&quot;unit&quot;:&quot;px&quot;,&quot;size&quot;:290,&quot;sizes&quot;:[]},&quot;gap&quot;:{&quot;unit&quot;:&quot;px&quot;,&quot;size&quot;:25,&quot;sizes&quot;:[]},&quot;lazyload&quot;:&quot;yes&quot;,&quot;ideal_row_height_tablet&quot;:{&quot;unit&quot;:&quot;px&quot;,&quot;size&quot;:150,&quot;sizes&quot;:[]},&quot;ideal_row_height_mobile&quot;:{&quot;unit&quot;:&quot;px&quot;,&quot;size&quot;:150,&quot;sizes&quot;:[]},&quot;gap_tablet&quot;:{&quot;unit&quot;:&quot;px&quot;,&quot;size&quot;:10,&quot;sizes&quot;:[]},&quot;gap_mobile&quot;:{&quot;unit&quot;:&quot;px&quot;,&quot;size&quot;:10,&quot;sizes&quot;:[]},&quot;link_to&quot;:&quot;file&quot;,&quot;overlay_background&quot;:&quot;yes&quot;,&quot;content_hover_animation&quot;:&quot;fade-in&quot;}\" data-widget_type=\"gallery.default\">\n\t\t\t\t\t\t\t<div class=\"elementor-gallery__container\">\n\t\t\t\t\t\t\t<a class=\"e-gallery-item elementor-gallery-item elementor-animated-content\" href=\"https:\/\/standykartonowe.pl\/wp-content\/uploads\/2026\/04\/Kartomika-ISO-2023-717x1024-1.jpg\" data-elementor-open-lightbox=\"yes\" data-elementor-lightbox-slideshow=\"db3d35c\" data-elementor-lightbox-title=\"Kartomika-ISO-2023-717x1024\" data-e-action-hash=\"#elementor-action%3Aaction%3Dlightbox%26settings%3DeyJpZCI6NDE3LCJ1cmwiOiJodHRwczpcL1wvc3RhbmR5a2FydG9ub3dlLnBsXC93cC1jb250ZW50XC91cGxvYWRzXC8yMDI2XC8wNFwvS2FydG9taWthLUlTTy0yMDIzLTcxN3gxMDI0LTEuanBnIiwic2xpZGVzaG93IjoiZGIzZDM1YyJ9\">\n\t\t\t\t\t<div class=\"e-gallery-image elementor-gallery-item__image\" data-thumbnail=\"https:\/\/standykartonowe.pl\/wp-content\/uploads\/2026\/04\/Kartomika-ISO-2023-717x1024-1-210x300.jpg\" data-width=\"210\" data-height=\"300\" aria-label=\"\" role=\"img\" ><\/div>\n\t\t\t\t\t\t\t\t\t\t\t<div class=\"elementor-gallery-item__overlay\"><\/div>\n\t\t\t\t\t\t\t\t\t\t\t\t\t\t<\/a>\n\t\t\t\t\t\t\t<a class=\"e-gallery-item elementor-gallery-item elementor-animated-content\" href=\"https:\/\/standykartonowe.pl\/wp-content\/uploads\/2026\/04\/KARTOMIKA-2023-4-718x1024-1.jpg\" data-elementor-open-lightbox=\"yes\" data-elementor-lightbox-slideshow=\"db3d35c\" data-elementor-lightbox-title=\"KARTOMIKA-2023-4-718x1024\" data-e-action-hash=\"#elementor-action%3Aaction%3Dlightbox%26settings%3DeyJpZCI6NDIwLCJ1cmwiOiJodHRwczpcL1wvc3RhbmR5a2FydG9ub3dlLnBsXC93cC1jb250ZW50XC91cGxvYWRzXC8yMDI2XC8wNFwvS0FSVE9NSUtBLTIwMjMtNC03MTh4MTAyNC0xLmpwZyIsInNsaWRlc2hvdyI6ImRiM2QzNWMifQ%3D%3D\">\n\t\t\t\t\t<div class=\"e-gallery-image elementor-gallery-item__image\" data-thumbnail=\"https:\/\/standykartonowe.pl\/wp-content\/uploads\/2026\/04\/KARTOMIKA-2023-4-718x1024-1-210x300.jpg\" data-width=\"210\" data-height=\"300\" aria-label=\"\" role=\"img\" ><\/div>\n\t\t\t\t\t\t\t\t\t\t\t<div class=\"elementor-gallery-item__overlay\"><\/div>\n\t\t\t\t\t\t\t\t\t\t\t\t\t\t<\/a>\n\t\t\t\t\t\t\t<a class=\"e-gallery-item elementor-gallery-item elementor-animated-content\" href=\"https:\/\/standykartonowe.pl\/wp-content\/uploads\/2026\/04\/unnamed-4-721x1024-1.jpg\" data-elementor-open-lightbox=\"yes\" data-elementor-lightbox-slideshow=\"db3d35c\" data-elementor-lightbox-title=\"unnamed-4-721x1024\" data-e-action-hash=\"#elementor-action%3Aaction%3Dlightbox%26settings%3DeyJpZCI6NDE5LCJ1cmwiOiJodHRwczpcL1wvc3RhbmR5a2FydG9ub3dlLnBsXC93cC1jb250ZW50XC91cGxvYWRzXC8yMDI2XC8wNFwvdW5uYW1lZC00LTcyMXgxMDI0LTEuanBnIiwic2xpZGVzaG93IjoiZGIzZDM1YyJ9\">\n\t\t\t\t\t<div class=\"e-gallery-image elementor-gallery-item__image\" data-thumbnail=\"https:\/\/standykartonowe.pl\/wp-content\/uploads\/2026\/04\/unnamed-4-721x1024-1-211x300.jpg\" data-width=\"211\" data-height=\"300\" aria-label=\"\" role=\"img\" ><\/div>\n\t\t\t\t\t\t\t\t\t\t\t<div class=\"elementor-gallery-item__overlay\"><\/div>\n\t\t\t\t\t\t\t\t\t\t\t\t\t\t<\/a>\n\t\t\t\t\t\t\t<a class=\"e-gallery-item elementor-gallery-item elementor-animated-content\" href=\"https:\/\/standykartonowe.pl\/wp-content\/uploads\/2026\/04\/Skan_20240410-edited-2048x2048-1.jpg\" data-elementor-open-lightbox=\"yes\" data-elementor-lightbox-slideshow=\"db3d35c\" data-elementor-lightbox-title=\"Skan_20240410-edited-2048x2048\" data-e-action-hash=\"#elementor-action%3Aaction%3Dlightbox%26settings%3DeyJpZCI6NDE4LCJ1cmwiOiJodHRwczpcL1wvc3RhbmR5a2FydG9ub3dlLnBsXC93cC1jb250ZW50XC91cGxvYWRzXC8yMDI2XC8wNFwvU2thbl8yMDI0MDQxMC1lZGl0ZWQtMjA0OHgyMDQ4LTEuanBnIiwic2xpZGVzaG93IjoiZGIzZDM1YyJ9\">\n\t\t\t\t\t<div class=\"e-gallery-image elementor-gallery-item__image\" data-thumbnail=\"https:\/\/standykartonowe.pl\/wp-content\/uploads\/2026\/04\/Skan_20240410-edited-2048x2048-1-300x300.jpg\" data-width=\"300\" data-height=\"300\" aria-label=\"\" role=\"img\" ><\/div>\n\t\t\t\t\t\t\t\t\t\t\t<div class=\"elementor-gallery-item__overlay\"><\/div>\n\t\t\t\t\t\t\t\t\t\t\t\t\t\t<\/a>\n\t\t\t\t\t\t\t<a class=\"e-gallery-item elementor-gallery-item elementor-animated-content\" href=\"https:\/\/standykartonowe.pl\/wp-content\/uploads\/2026\/04\/Skan_20240627-edited-2048x1479-1.jpg\" data-elementor-open-lightbox=\"yes\" data-elementor-lightbox-slideshow=\"db3d35c\" data-elementor-lightbox-title=\"Skan_20240627-edited-2048x1479\" data-e-action-hash=\"#elementor-action%3Aaction%3Dlightbox%26settings%3DeyJpZCI6NDIxLCJ1cmwiOiJodHRwczpcL1wvc3RhbmR5a2FydG9ub3dlLnBsXC93cC1jb250ZW50XC91cGxvYWRzXC8yMDI2XC8wNFwvU2thbl8yMDI0MDYyNy1lZGl0ZWQtMjA0OHgxNDc5LTEuanBnIiwic2xpZGVzaG93IjoiZGIzZDM1YyJ9\">\n\t\t\t\t\t<div class=\"e-gallery-image elementor-gallery-item__image\" data-thumbnail=\"https:\/\/standykartonowe.pl\/wp-content\/uploads\/2026\/04\/Skan_20240627-edited-2048x1479-1-300x217.jpg\" data-width=\"300\" data-height=\"217\" aria-label=\"\" role=\"img\" ><\/div>\n\t\t\t\t\t\t\t\t\t\t\t<div class=\"elementor-gallery-item__overlay\"><\/div>\n\t\t\t\t\t\t\t\t\t\t\t\t\t\t<\/a>\n\t\t\t\t\t<\/div>\n\t\t\t\t\t<\/div>\n\t\t\t\t<\/div>\n\t\t\t\t\t<\/div>\n\t\t\t\t<\/div>\n\t\t\t\t<\/div>\n\t\t","protected":false},"excerpt":{"rendered":"<p>Producent stand\u00f3w reklamowych i kartonowych Bez po\u015brednik\u00f3w, bez zb\u0119dnych koszt\u00f3w \u2013 pe\u0142na kontrola nad projektem i jako\u015bci\u0105 wykonania. Ud\u017awig do 20 kg Projket gratis Realizacja tylko 7 dni Zam\u00f3w wycen\u0119 standu Co wyr\u00f3\u017cnia nas jako Producenta? W\u0142asny park maszynowy Jako producent stand\u00f3w realizujemy projekty we w\u0142asnym zapleczu produkcyjnym, z pe\u0142n\u0105 kontrol\u0105 nad wykonaniem. Projekt i [&hellip;]<\/p>\n","protected":false},"author":1,"featured_media":0,"parent":0,"menu_order":0,"comment_status":"closed","ping_status":"closed","template":"elementor_header_footer","meta":{"footnotes":""},"class_list":["post-86","page","type-page","status-publish","hentry"],"_links":{"self":[{"href":"https:\/\/standykartonowe.pl\/index.php?rest_route=\/wp\/v2\/pages\/86","targetHints":{"allow":["GET"]}}],"collection":[{"href":"https:\/\/standykartonowe.pl\/index.php?rest_route=\/wp\/v2\/pages"}],"about":[{"href":"https:\/\/standykartonowe.pl\/index.php?rest_route=\/wp\/v2\/types\/page"}],"author":[{"embeddable":true,"href":"https:\/\/standykartonowe.pl\/index.php?rest_route=\/wp\/v2\/users\/1"}],"replies":[{"embeddable":true,"href":"https:\/\/standykartonowe.pl\/index.php?rest_route=%2Fwp%2Fv2%2Fcomments&post=86"}],"version-history":[{"count":13,"href":"https:\/\/standykartonowe.pl\/index.php?rest_route=\/wp\/v2\/pages\/86\/revisions"}],"predecessor-version":[{"id":429,"href":"https:\/\/standykartonowe.pl\/index.php?rest_route=\/wp\/v2\/pages\/86\/revisions\/429"}],"wp:attachment":[{"href":"https:\/\/standykartonowe.pl\/index.php?rest_route=%2Fwp%2Fv2%2Fmedia&parent=86"}],"curies":[{"name":"wp","href":"https:\/\/api.w.org\/{rel}","templated":true}]}}